{"id":1018,"date":"2025-04-11T14:15:07","date_gmt":"2025-04-11T14:15:07","guid":{"rendered":"https:\/\/monaco-webdesign.com\/?page_id=1018"},"modified":"2025-04-11T14:17:18","modified_gmt":"2025-04-11T14:17:18","slug":"custom_quote","status":"publish","type":"page","link":"https:\/\/monaco-webdesign.com\/fr\/custom_quote\/","title":{"rendered":"Custom  Quote"},"content":{"rendered":"<div data-elementor-type=\"wp-page\" data-elementor-id=\"1018\" class=\"elementor elementor-1018\">\n\t\t\t\t<div class=\"elementor-element elementor-element-9ace3fc e-flex e-con-boxed e-con e-parent\" data-id=\"9ace3fc\" data-element_type=\"container\">\n\t\t\t\t\t<div class=\"e-con-inner\">\n\t\t\t\t<div class=\"elementor-element elementor-element-951b8b8 elementor-widget elementor-widget-heading\" data-id=\"951b8b8\" data-element_type=\"widget\" data-widget_type=\"heading.default\">\n\t\t\t\t<div class=\"elementor-widget-container\">\n\t\t\t\t\t<h1 class=\"elementor-heading-title elementor-size-default\">Quote<\/h1>\t\t\t\t<\/div>\n\t\t\t\t<\/div>\n\t\t\t\t\t<\/div>\n\t\t\t\t<\/div>\n\t\t<div class=\"elementor-element elementor-element-8b925c2 e-flex e-con-boxed e-con e-parent\" data-id=\"8b925c2\" data-element_type=\"container\">\n\t\t\t\t\t<div class=\"e-con-inner\">\n\t\t\t\t<div class=\"elementor-element elementor-element-2222f46 elementor-widget elementor-widget-wpforms\" data-id=\"2222f46\" data-element_type=\"widget\" data-widget_type=\"wpforms.default\">\n\t\t\t\t<div class=\"elementor-widget-container\">\n\t\t\t\t\t<style id=\"wpforms-css-vars-elementor-widget-2222f46\">\n\t\t\t\t.elementor-widget-wpforms.elementor-element-2222f46 {\n\t\t\t\t--wpforms-button-background-color: #000000;\n--wpforms-field-size-input-height: 43px;\n--wpforms-field-size-input-spacing: 15px;\n--wpforms-field-size-font-size: 16px;\n--wpforms-field-size-line-height: 19px;\n--wpforms-field-size-padding-h: 14px;\n--wpforms-field-size-checkbox-size: 16px;\n--wpforms-field-size-sublabel-spacing: 5px;\n--wpforms-field-size-icon-size: 1;\n--wpforms-label-size-font-size: 16px;\n--wpforms-label-size-line-height: 19px;\n--wpforms-label-size-sublabel-font-size: 14px;\n--wpforms-label-size-sublabel-line-height: 17px;\n--wpforms-button-size-font-size: 17px;\n--wpforms-button-size-height: 41px;\n--wpforms-button-size-padding-h: 15px;\n--wpforms-button-size-margin-top: 10px;\n\n\t\t\t}\n\t\t\t<\/style><div class=\"wpforms-container wpforms-container-full wpforms-render-modern\" id=\"wpforms-1012\"><form id=\"wpforms-form-1012\" class=\"wpforms-validate wpforms-form wpforms-ajax-form\" data-formid=\"1012\" method=\"post\" enctype=\"multipart\/form-data\" action=\"\/fr\/wp-json\/wp\/v2\/pages\/1018\" data-token=\"21c14a2c1395bf14267c7c44ac361902\" data-token-time=\"1776866727\" data-trp-original-action=\"\/fr\/wp-json\/wp\/v2\/pages\/1018\"><noscript class=\"wpforms-error-noscript\">Veuillez activer JavaScript dans votre navigateur pour remplir ce formulaire.<\/noscript><div class=\"wpforms-hidden\" id=\"wpforms-error-noscript\">Veuillez activer JavaScript dans votre navigateur pour remplir ce formulaire.<\/div><div class=\"wpforms-field-container\"><div id=\"wpforms-1012-field_1-container\" class=\"wpforms-field wpforms-field-name\" data-field-id=\"1\"><label class=\"wpforms-field-label\" for=\"wpforms-1012-field_1\">Nom <span class=\"wpforms-required-label\" aria-hidden=\"true\">*<\/span><\/label><input type=\"text\" id=\"wpforms-1012-field_1\" class=\"wpforms-field-medium wpforms-field-required\" name=\"wpforms[fields][1]\" aria-errormessage=\"wpforms-1012-field_1-error\" required><\/div><div id=\"wpforms-1012-field_2-container\" class=\"wpforms-field wpforms-field-email\" data-field-id=\"2\"><label class=\"wpforms-field-label\" for=\"wpforms-1012-field_2\">Email <span class=\"wpforms-required-label\" aria-hidden=\"true\">*<\/span><\/label><input type=\"email\" id=\"wpforms-1012-field_2\" class=\"wpforms-field-medium wpforms-field-required\" name=\"wpforms[fields][2]\" spellcheck=\"false\" aria-errormessage=\"wpforms-1012-field_2-error\" required><\/div><div id=\"wpforms-1012-field_4-container\" class=\"wpforms-field wpforms-field-checkbox\" data-field-id=\"4\"><fieldset><legend class=\"wpforms-field-label\">Informations sur le projet \u2013 Quels services vous int\u00e9ressent ? (Veuillez cocher toutes les options qui s'appliquent) <span class=\"wpforms-required-label\" aria-hidden=\"true\">*<\/span><\/legend><ul id=\"wpforms-1012-field_4\" class=\"wpforms-field-required\"><li class=\"choice-1 depth-1\"><input type=\"checkbox\" id=\"wpforms-1012-field_4_1\" name=\"wpforms[fields][4][]\" value=\"Web Design (Custom design, responsive, tailored to your brand)\" aria-errormessage=\"wpforms-1012-field_4_1-error\" required><label class=\"wpforms-field-label-inline\" for=\"wpforms-1012-field_4_1\">Conception Web (Design sur mesure, responsive, adapt\u00e9 \u00e0 votre marque)<\/label><\/li><li class=\"choice-2 depth-1\"><input type=\"checkbox\" id=\"wpforms-1012-field_4_2\" name=\"wpforms[fields][4][]\" value=\"Branding (Logo design, brand identity, visual guidelines)\" aria-errormessage=\"wpforms-1012-field_4_2-error\" required><label class=\"wpforms-field-label-inline\" for=\"wpforms-1012-field_4_2\">Branding (Conception de logo, identit\u00e9 de marque, lignes directrices visuelles)<\/label><\/li><li class=\"choice-3 depth-1\"><input type=\"checkbox\" id=\"wpforms-1012-field_4_3\" name=\"wpforms[fields][4][]\" value=\"Content Creation (Website content, blog posts, social media content)\" aria-errormessage=\"wpforms-1012-field_4_3-error\" required><label class=\"wpforms-field-label-inline\" for=\"wpforms-1012-field_4_3\">Cr\u00e9ation de contenu (Contenu pour le site web, articles de blog, contenu pour les r\u00e9seaux sociaux)<\/label><\/li><li class=\"choice-4 depth-1\"><input type=\"checkbox\" id=\"wpforms-1012-field_4_4\" name=\"wpforms[fields][4][]\" value=\"Website Maintenance (Ongoing updates, security, performance optimization)\" aria-errormessage=\"wpforms-1012-field_4_4-error\" required><label class=\"wpforms-field-label-inline\" for=\"wpforms-1012-field_4_4\">Maintenance du site web (Mises \u00e0 jour r\u00e9guli\u00e8res, s\u00e9curit\u00e9, optimisation des performances)<\/label><\/li><li class=\"choice-5 depth-1\"><input type=\"checkbox\" id=\"wpforms-1012-field_4_5\" name=\"wpforms[fields][4][]\" value=\"Content Updates (Text changes, image replacements, page additions)\" aria-errormessage=\"wpforms-1012-field_4_5-error\" required><label class=\"wpforms-field-label-inline\" for=\"wpforms-1012-field_4_5\">Mises \u00e0 jour de contenu (Modifications de texte, remplacement d'images, ajout de pages)<\/label><\/li><\/ul><\/fieldset><\/div><div id=\"wpforms-1012-field_5-container\" class=\"wpforms-field wpforms-field-checkbox\" data-field-id=\"5\"><fieldset><legend class=\"wpforms-field-label\">Quel type de site web recherchez-vous ? <span class=\"wpforms-required-label\" aria-hidden=\"true\">*<\/span><\/legend><ul id=\"wpforms-1012-field_5\" class=\"wpforms-field-required\"><li class=\"choice-1 depth-1\"><input type=\"checkbox\" id=\"wpforms-1012-field_5_1\" name=\"wpforms[fields][5][]\" value=\"Business Website\" aria-errormessage=\"wpforms-1012-field_5_1-error\" required><label class=\"wpforms-field-label-inline\" for=\"wpforms-1012-field_5_1\">Site web professionnel<\/label><\/li><li class=\"choice-2 depth-1\"><input type=\"checkbox\" id=\"wpforms-1012-field_5_2\" name=\"wpforms[fields][5][]\" value=\"E-commerce Website\" aria-errormessage=\"wpforms-1012-field_5_2-error\" required><label class=\"wpforms-field-label-inline\" for=\"wpforms-1012-field_5_2\">Site e-commerce<\/label><\/li><li class=\"choice-3 depth-1\"><input type=\"checkbox\" id=\"wpforms-1012-field_5_3\" name=\"wpforms[fields][5][]\" value=\"Blog\/Personal Website\" aria-errormessage=\"wpforms-1012-field_5_3-error\" required><label class=\"wpforms-field-label-inline\" for=\"wpforms-1012-field_5_3\">Blog\/Personal Website<\/label><\/li><\/ul><\/fieldset><\/div><div id=\"wpforms-1012-field_6-container\" class=\"wpforms-field wpforms-field-textarea\" data-field-id=\"6\"><label class=\"wpforms-field-label\" for=\"wpforms-1012-field_6\">Veuillez fournir plus de d\u00e9tails sur votre projet. D\u00e9crivez vos objectifs, toute fonctionnalit\u00e9 sp\u00e9cifique et vos pr\u00e9f\u00e9rences en mati\u00e8re de design. <span class=\"wpforms-required-label\" aria-hidden=\"true\">*<\/span><\/label><textarea id=\"wpforms-1012-field_6\" class=\"wpforms-field-medium wpforms-field-required\" name=\"wpforms[fields][6]\" aria-errormessage=\"wpforms-1012-field_6-error\" required><\/textarea><\/div><div id=\"wpforms-1012-field_3-container\" class=\"wpforms-field wpforms-field-textarea\" data-field-id=\"3\"><label class=\"wpforms-field-label\" for=\"wpforms-1012-field_3\">D\u00e9lai \u2013 veuillez pr\u00e9ciser quand vous avez besoin que le projet soit termin\u00e9. <span class=\"wpforms-required-label\" aria-hidden=\"true\">*<\/span><\/label><textarea id=\"wpforms-1012-field_3\" class=\"wpforms-field-medium wpforms-field-required\" name=\"wpforms[fields][3]\" aria-errormessage=\"wpforms-1012-field_3-error\" required><\/textarea><\/div><div id=\"wpforms-1012-field_7-container\" class=\"wpforms-field wpforms-field-textarea\" data-field-id=\"7\"><label class=\"wpforms-field-label\" for=\"wpforms-1012-field_7\">Budget \u2013 veuillez pr\u00e9ciser une plage de budget indicative.<\/label><textarea id=\"wpforms-1012-field_7\" class=\"wpforms-field-medium\" name=\"wpforms[fields][7]\" aria-errormessage=\"wpforms-1012-field_7-error\" ><\/textarea><\/div><div id=\"wpforms-1012-field_8-container\" class=\"wpforms-field wpforms-field-textarea\" data-field-id=\"8\"><label class=\"wpforms-field-label\" for=\"wpforms-1012-field_8\">Autres informations<\/label><textarea id=\"wpforms-1012-field_8\" class=\"wpforms-field-medium\" name=\"wpforms[fields][8]\" aria-errormessage=\"wpforms-1012-field_8-error\" ><\/textarea><\/div><div id=\"wpforms-1012-field_9-container\" class=\"wpforms-field wpforms-field-checkbox\" data-field-id=\"9\"><fieldset><legend class=\"wpforms-field-label\">J'accepte le traitement des donn\u00e9es, conform\u00e9ment \u00e0 la politique de confidentialit\u00e9 du site web.<\/legend><ul id=\"wpforms-1012-field_9\"><li class=\"choice-1 depth-1\"><input type=\"checkbox\" id=\"wpforms-1012-field_9_1\" name=\"wpforms[fields][9][]\" value=\"Agree\" aria-errormessage=\"wpforms-1012-field_9_1-error\"  ><label class=\"wpforms-field-label-inline\" for=\"wpforms-1012-field_9_1\">Accepter<\/label><\/li><\/ul><\/fieldset><\/div><\/div><!-- .wpforms-field-container --><div class=\"wpforms-submit-container\" ><input type=\"hidden\" name=\"wpforms[id]\" value=\"1012\"><input type=\"hidden\" name=\"page_title\" value=\"\"><input type=\"hidden\" name=\"page_url\" value=\"https:\/\/monaco-webdesign.com\/fr\/wp-json\/wp\/v2\/pages\/1018\"><input type=\"hidden\" name=\"url_referer\" value=\"\"><button type=\"submit\" name=\"wpforms[submit]\" id=\"wpforms-submit-1012\" class=\"wpforms-submit\" data-alt-text=\"Sending...\" data-submit-text=\"Submit\" aria-live=\"assertive\" value=\"wpforms-submit\">Envoyer<\/button><img decoding=\"async\" src=\"https:\/\/monaco-webdesign.com\/wp-content\/plugins\/wpforms-lite\/assets\/images\/submit-spin.svg\" class=\"wpforms-submit-spinner\" style=\"display: none;\" width=\"26\" height=\"26\" alt=\"Chargement en cours\"><\/div><input type=\"hidden\" name=\"trp-form-language\" value=\"fr\"\/><\/form><\/div>  <!-- .wpforms-container -->\t\t\t\t<\/div>\n\t\t\t\t<\/div>\n\t\t\t\t\t<\/div>\n\t\t\t\t<\/div>\n\t\t\t\t<\/div>","protected":false},"excerpt":{"rendered":"<p>Quote Please enable JavaScript in your browser to complete this form.Please enable JavaScript in your browser to complete this form.Name [&hellip;]<\/p>","protected":false},"author":1,"featured_media":0,"parent":0,"menu_order":0,"comment_status":"closed","ping_status":"closed","template":"","meta":{"site-sidebar-layout":"no-sidebar","site-content-layout":"","ast-site-content-layout":"full-width-container","site-content-style":"default","site-sidebar-style":"default","ast-global-header-display":"","ast-banner-title-visibility":"","ast-main-header-display":"","ast-hfb-above-header-display":"","ast-hfb-below-header-display":"","ast-hfb-mobile-header-display":"","site-post-title":"disabled","ast-breadcrumbs-content":"","ast-featured-img":"disabled","footer-sml-layout":"","theme-transparent-header-meta":"","adv-header-id-meta":"","stick-header-meta":"","header-above-stick-meta":"","header-main-stick-meta":"","header-below-stick-meta":"","astra-migrate-meta-layouts":"default","ast-page-background-enabled":"default","ast-page-background-meta":{"desktop":{"background-color":"var(--ast-global-color-4)","background-image":"","background-repeat":"repeat","background-position":"center center","background-size":"auto","background-attachment":"scroll","background-type":"","background-media":"","overlay-type":"","overlay-color":"","overlay-opacity":"","overlay-gradient":""},"tablet":{"background-color":"","background-image":"","background-repeat":"repeat","background-position":"center center","background-size":"auto","background-attachment":"scroll","background-type":"","background-media":"","overlay-type":"","overlay-color":"","overlay-opacity":"","overlay-gradient":""},"mobile":{"background-color":"","background-image":"","background-repeat":"repeat","background-position":"center center","background-size":"auto","background-attachment":"scroll","background-type":"","background-media":"","overlay-type":"","overlay-color":"","overlay-opacity":"","overlay-gradient":""}},"ast-content-background-meta":{"desktop":{"background-color":"var(--ast-global-color-5)","background-image":"","background-repeat":"repeat","background-position":"center center","background-size":"auto","background-attachment":"scroll","background-type":"","background-media":"","overlay-type":"","overlay-color":"","overlay-opacity":"","overlay-gradient":""},"tablet":{"background-color":"var(--ast-global-color-5)","background-image":"","background-repeat":"repeat","background-position":"center center","background-size":"auto","background-attachment":"scroll","background-type":"","background-media":"","overlay-type":"","overlay-color":"","overlay-opacity":"","overlay-gradient":""},"mobile":{"background-color":"var(--ast-global-color-5)","background-image":"","background-repeat":"repeat","background-position":"center center","background-size":"auto","background-attachment":"scroll","background-type":"","background-media":"","overlay-type":"","overlay-color":"","overlay-opacity":"","overlay-gradient":""}},"footnotes":""},"class_list":["post-1018","page","type-page","status-publish","hentry"],"_links":{"self":[{"href":"https:\/\/monaco-webdesign.com\/fr\/wp-json\/wp\/v2\/pages\/1018","targetHints":{"allow":["GET"]}}],"collection":[{"href":"https:\/\/monaco-webdesign.com\/fr\/wp-json\/wp\/v2\/pages"}],"about":[{"href":"https:\/\/monaco-webdesign.com\/fr\/wp-json\/wp\/v2\/types\/page"}],"author":[{"embeddable":true,"href":"https:\/\/monaco-webdesign.com\/fr\/wp-json\/wp\/v2\/users\/1"}],"replies":[{"embeddable":true,"href":"https:\/\/monaco-webdesign.com\/fr\/wp-json\/wp\/v2\/comments?post=1018"}],"version-history":[{"count":4,"href":"https:\/\/monaco-webdesign.com\/fr\/wp-json\/wp\/v2\/pages\/1018\/revisions"}],"predecessor-version":[{"id":1022,"href":"https:\/\/monaco-webdesign.com\/fr\/wp-json\/wp\/v2\/pages\/1018\/revisions\/1022"}],"wp:attachment":[{"href":"https:\/\/monaco-webdesign.com\/fr\/wp-json\/wp\/v2\/media?parent=1018"}],"curies":[{"name":"wp","href":"https:\/\/api.w.org\/{rel}","templated":true}]}}