{"id":3,"date":"2025-04-10T07:19:51","date_gmt":"2025-04-10T07:19:51","guid":{"rendered":"https:\/\/monaco-webdesign.com\/?page_id=3"},"modified":"2025-04-11T08:10:49","modified_gmt":"2025-04-11T08:10:49","slug":"privacy-policy","status":"publish","type":"page","link":"https:\/\/monaco-webdesign.com\/fr\/privacy-policy\/","title":{"rendered":"Privacy Policy"},"content":{"rendered":"<h2 class=\"wp-block-heading\"><strong>Effective Date:<\/strong>&nbsp;01\/01\/2025<\/h2>\n\n\n\n<p>Date d\u2019entr\u00e9e en vigueur : 01\/01\/2025<\/p>\n\n\n\n<p>At monaco-webdesign.com (\u201cwe,\u201d \u201cus,\u201d or \u201cour\u201d), we are committed to protecting your privacy. This Privacy Policy explains how we collect, use, disclose, and safeguard your personal information when you visit our website\u00a0<a href=\"https:\/\/monaco-webdesign.com\/fr\/\">www.<strong>monaco-webdesign.com<\/strong><\/a><strong><a href=\"http:\/\/www.monaco-branding.com\/\"> <\/a><\/strong>\u00a0(the \u201cWebsite\u201d). Please read this Privacy Policy carefully. If you do not agree with the terms of this Privacy Policy, please do not access the Website.<\/p>\n\n\n\n<p>Chez\u00a0<strong>monaco-branding.com<\/strong>\u00a0(\u00ab nous \u00bb, \u00ab notre \u00bb ou \u00ab nos \u00bb), nous nous engageons \u00e0 prot\u00e9ger votre vie priv\u00e9e. La pr\u00e9sente politique de confidentialit\u00e9 explique comment nous collectons, utilisons, divulguons et prot\u00e9geons vos informations personnelles lorsque vous visitez notre site internet\u00a0<a class=\"\" href=\"http:\/\/www.monaco-branding.com\/\"><a href=\"https:\/\/monaco-webdesign.com\/fr\/\">www.<strong>monaco-webdesign.com<\/strong><\/a><\/a>\u00a0(le \u00ab Site \u00bb). Veuillez lire attentivement cette politique. Si vous n\u2019\u00eates pas d\u2019accord avec ses termes, merci de ne pas acc\u00e9der au Site.<\/p>\n\n\n\n<hr class=\"wp-block-separator has-alpha-channel-opacity\"\/>\n\n\n\n<p><strong>1. Information We Collect<\/strong><\/p>\n\n\n\n<p><strong>Personal Information:<\/strong><br>We may collect personally identifiable information (\u201cPersonal Information\u201d) that you voluntarily provide to us when you register on the Website, fill out a form, subscribe to a newsletter, or engage in other activities. Personal Information may include your name, email address, postal address, phone number, payment information and any other details you choose to provide.<\/p>\n\n\n\n<p><strong>Non-Personal Information:<\/strong><br>We also collect non-personally identifiable information (\u201cNon-Personal Information\u201d) automatically when you visit the Website. This may include your IP address, browser type, operating system, referring URLs, pages viewed, and the dates\/times of your visits.<\/p>\n\n\n\n<p><strong>Cookies and Tracking Technologies:<\/strong><br>We use cookies and similar tracking technologies to enhance your browsing experience, analyze site traffic, and personalize content.<\/p>\n\n\n\n<h6 class=\"wp-block-heading\">1. Informations que nous collectons<\/h6>\n\n\n\n<p><strong>Informations personnelles :<\/strong><br>Nous pouvons collecter des informations personnelles identifiables (\u00ab Informations personnelles \u00bb) que vous nous fournissez volontairement lorsque vous vous inscrivez sur le Site, remplissez un formulaire, vous abonnez \u00e0 une newsletter ou interagissez avec nous. Ces informations peuvent inclure : votre nom, adresse e-mail, adresse postale, num\u00e9ro de t\u00e9l\u00e9phone, informations de paiement et tout autre d\u00e9tail que vous choisissez de partager.<\/p>\n\n\n\n<p><strong>Informations non personnelles :<\/strong><br>Nous collectons \u00e9galement des informations non identifiables (\u00ab Informations non personnelles \u00bb) automatiquement lors de votre visite sur le Site, telles que votre adresse IP, type de navigateur, syst\u00e8me d\u2019exploitation, URL de provenance, pages consult\u00e9es et dates\/heures de vos visites.<\/p>\n\n\n\n<p><strong>Cookies et technologies de suivi :<\/strong><br>Nous utilisons des cookies et technologies similaires pour am\u00e9liorer votre navigation, analyser le trafic du site et personnaliser le contenu.<\/p>\n\n\n\n<hr class=\"wp-block-separator has-alpha-channel-opacity\"\/>\n\n\n\n<p><strong>2. How We Use Your Information<\/strong><\/p>\n\n\n\n<p>We use the information we collect for various purposes, including to:<\/p>\n\n\n\n<ul class=\"wp-block-list\">\n<li>Provide, operate and maintain the Website.<\/li>\n\n\n\n<li>Improve, personalize and expand our Website and services.<\/li>\n\n\n\n<li>Process transactions and send you related information, including purchase confirmations and invoices.<\/li>\n\n\n\n<li>Respond to your comments, questions and provide customer support.<\/li>\n\n\n\n<li>Send you newsletters, marketing or promotional materials and other information that may be of interest to you.<\/li>\n\n\n\n<li>Monitor and analyze usage and trends to improve your experience on the Website.<\/li>\n\n\n\n<li>Comply with legal obligations and protect our rights.<\/li>\n<\/ul>\n\n\n\n<h6 class=\"wp-block-heading\">2. Comment nous utilisons vos informations<\/h6>\n\n\n\n<p>Les informations que nous collectons peuvent \u00eatre utilis\u00e9es pour :<\/p>\n\n\n\n<ul class=\"wp-block-list\">\n<li>Fournir, g\u00e9rer et maintenir le Site ;<\/li>\n\n\n\n<li>Am\u00e9liorer, personnaliser et d\u00e9velopper nos services ;<\/li>\n\n\n\n<li>Traiter les transactions et vous envoyer les confirmations d\u2019achat et les factures ;<\/li>\n\n\n\n<li>R\u00e9pondre \u00e0 vos commentaires, questions, et vous fournir une assistance client ;<\/li>\n\n\n\n<li>Vous envoyer des newsletters, du contenu promotionnel ou marketing susceptible de vous int\u00e9resser ;<\/li>\n\n\n\n<li>Analyser les tendances et l\u2019utilisation du Site pour am\u00e9liorer l\u2019exp\u00e9rience utilisateur ;<\/li>\n\n\n\n<li>Respecter nos obligations l\u00e9gales et prot\u00e9ger nos droits.<\/li>\n<\/ul>\n\n\n\n<hr class=\"wp-block-separator has-alpha-channel-opacity\"\/>\n\n\n\n<p><strong>3. Disclosure of Your Information<\/strong><\/p>\n\n\n\n<p>We may share your information with:<\/p>\n\n\n\n<ul class=\"wp-block-list\">\n<li><strong>Service Providers:<\/strong>\u00a0Third parties that perform services on our behalf (e.g., payment processors, hosting services, analytics providers). These service providers are contractually obligated to maintain the confidentiality of your information.<\/li>\n\n\n\n<li><strong>Legal Requirements:<\/strong>\u00a0When required by law, regulation, or legal process, or to protect the rights, property, or for our safety or our customers\u2019, or others.<\/li>\n\n\n\n<li><strong>Business Transfers:<\/strong>\u00a0In the event of a merger, acquisition, or sale of all or a portion of our assets, your information may be transferred as part of that transaction.<\/li>\n<\/ul>\n\n\n\n<p>We do not sell, trade, or otherwise transfer your Personal Information to outside parties for marketing purposes without your consent.<\/p>\n\n\n\n<h6 class=\"wp-block-heading\">3. Divulgation de vos informations<\/h6>\n\n\n\n<p>Nous pouvons partager vos informations avec :<\/p>\n\n\n\n<ul class=\"wp-block-list\">\n<li><strong>Fournisseurs de services :<\/strong>\u00a0tiers qui op\u00e8rent en notre nom (paiement, h\u00e9bergement, analytique, etc.), sous contrat de confidentialit\u00e9 ;<\/li>\n\n\n\n<li><strong>Obligations l\u00e9gales :<\/strong>\u00a0dans les cas o\u00f9 la loi, la r\u00e9glementation ou une proc\u00e9dure judiciaire l\u2019exige, ou pour prot\u00e9ger nos droits, notre s\u00e9curit\u00e9 ou ceux de nos clients ;<\/li>\n\n\n\n<li><strong>Transferts d\u2019activit\u00e9 :<\/strong>\u00a0en cas de fusion, acquisition ou vente d\u2019actifs, vos donn\u00e9es peuvent \u00eatre transf\u00e9r\u00e9es.<\/li>\n<\/ul>\n\n\n\n<p><strong>Nous ne vendons, n\u2019\u00e9changeons ni ne transmettons vos informations personnelles \u00e0 des tiers \u00e0 des fins marketing sans votre consentement.<\/strong><\/p>\n\n\n\n<hr class=\"wp-block-separator has-alpha-channel-opacity\"\/>\n\n\n\n<p><strong>4. Cookies and Tracking Technologies<\/strong><\/p>\n\n\n\n<p>We use cookies and other tracking technologies to collect Non-Personal Information and sometimes Personal Information to enhance your experience on our Website. Most web browsers automatically accept cookies, but you can usually modify your browser settings to decline cookies if you prefer. Please note that disabling cookies may affect the functionality of the Website.<\/p>\n\n\n\n<h6 class=\"wp-block-heading\">4. Cookies et technologies de suivi<\/h6>\n\n\n\n<p>Nous utilisons des cookies pour collecter des informations non personnelles et parfois personnelles, afin d\u2019am\u00e9liorer votre exp\u00e9rience. Vous pouvez param\u00e9trer votre navigateur pour refuser les cookies, mais cela peut affecter le fonctionnement du Site.<\/p>\n\n\n\n<hr class=\"wp-block-separator has-alpha-channel-opacity\"\/>\n\n\n\n<p><strong>5. Data Security<\/strong><\/p>\n\n\n\n<p>We implement reasonable security measures to protect your information from unauthorized access, disclosure, alteration, or destruction. However, no method of transmission over the Internet or electronic storage is completely secure, so we cannot guarantee absolute security.<\/p>\n\n\n\n<h6 class=\"wp-block-heading\">5. S\u00e9curit\u00e9 des donn\u00e9es<\/h6>\n\n\n\n<p>Nous appliquons des mesures raisonnables pour prot\u00e9ger vos donn\u00e9es contre l\u2019acc\u00e8s non autoris\u00e9, la divulgation, l\u2019alt\u00e9ration ou la destruction. Toutefois, aucun syst\u00e8me de transmission ou de stockage en ligne n\u2019est totalement s\u00e9curis\u00e9.<\/p>\n\n\n\n<hr class=\"wp-block-separator has-alpha-channel-opacity\"\/>\n\n\n\n<p><strong>6. Data Retention<\/strong><\/p>\n\n\n\n<p>We will retain your Personal Information for as long as is necessary to fulfill the purposes for which it was collected, as outlined in this Privacy Policy, unless a longer retention period is required or permitted by law.<\/p>\n\n\n\n<h6 class=\"wp-block-heading\">6. Dur\u00e9e de conservation<\/h6>\n\n\n\n<p>Vos donn\u00e9es personnelles sont conserv\u00e9es aussi longtemps que n\u00e9cessaire pour remplir les objectifs d\u00e9crits dans cette politique, sauf si la loi exige une dur\u00e9e plus longue.<\/p>\n\n\n\n<hr class=\"wp-block-separator has-alpha-channel-opacity\"\/>\n\n\n\n<p><strong>7. Your Rights<\/strong><\/p>\n\n\n\n<p>Depending on your jurisdiction, you may have certain rights regarding your Personal Information, including the right to:<\/p>\n\n\n\n<ul class=\"wp-block-list\">\n<li>Access, correct, or update your Personal Information.<\/li>\n\n\n\n<li>Request the deletion of your Personal Information.<\/li>\n\n\n\n<li>Object to or restrict the processing of your Personal Information.<\/li>\n\n\n\n<li>Withdraw consent where processing is based on your consent.<\/li>\n<\/ul>\n\n\n\n<p>To exercise these rights, please contact us using the contact information provided below. We will respond to your request in accordance with applicable law.<\/p>\n\n\n\n<h6 class=\"wp-block-heading\">7. Vos droits<\/h6>\n\n\n\n<p>Selon votre juridiction, vous pouvez avoir les droits suivants :<\/p>\n\n\n\n<ul class=\"wp-block-list\">\n<li>Acc\u00e9der, corriger ou mettre \u00e0 jour vos donn\u00e9es ;<\/li>\n\n\n\n<li>Demander la suppression de vos donn\u00e9es personnelles ;<\/li>\n\n\n\n<li>Vous opposer ou restreindre certains traitements ;<\/li>\n\n\n\n<li>Retirer votre consentement si le traitement repose sur celui-ci.<\/li>\n<\/ul>\n\n\n\n<p>Pour exercer ces droits, contactez-nous \u00e0 l\u2019adresse ci-dessous. Nous traiterons votre demande conform\u00e9ment \u00e0 la l\u00e9gislation applicable.<\/p>\n\n\n\n<hr class=\"wp-block-separator has-alpha-channel-opacity\"\/>\n\n\n\n<p><strong>8. Third-Party Links<\/strong><\/p>\n\n\n\n<p>Our Website may contain links to third-party websites. This Privacy Policy does not apply to those websites, and we are not responsible for the privacy practices or content of any third-party sites. We encourage you to review the privacy policies of any third-party websites you visit.<\/p>\n\n\n\n<h6 class=\"wp-block-heading\">8. Liens vers des sites tiers<\/h6>\n\n\n\n<p>Notre Site peut contenir des liens vers des sites tiers. Cette politique ne s\u2019applique pas \u00e0 ces sites. Nous vous encourageons \u00e0 consulter leur propre politique de confidentialit\u00e9.<\/p>\n\n\n\n<hr class=\"wp-block-separator has-alpha-channel-opacity\"\/>\n\n\n\n<p><strong>9. Children\u2019s Privacy<\/strong><\/p>\n\n\n\n<p>Our Website is not intended for children under the age of 13. We do not knowingly collect Personal Information from children under 13. If you believe that we have inadvertently collected Personal Information from a child under 13, please contact us immediately, and we will take steps to remove the information.<\/p>\n\n\n\n<h6 class=\"wp-block-heading\">9. Protection des enfants<\/h6>\n\n\n\n<p>Notre Site n\u2019est pas destin\u00e9 aux enfants de moins de 13 ans. Nous ne collectons pas intentionnellement leurs donn\u00e9es. Si vous pensez que nous avons recueilli par erreur des informations concernant un enfant, merci de nous contacter imm\u00e9diatement.<\/p>\n\n\n\n<hr class=\"wp-block-separator has-alpha-channel-opacity\"\/>\n\n\n\n<p><strong>10. Changes to This Privacy Policy<\/strong><\/p>\n\n\n\n<p>We may update this Privacy Policy from time to time. Any changes will be effective immediately upon posting the revised Privacy Policy on the Website, with the \u201cEffective Date\u201d updated accordingly. We encourage you to review this Privacy Policy periodically for any changes.<\/p>\n\n\n\n<h6 class=\"wp-block-heading\">10. Modifications de cette politique<\/h6>\n\n\n\n<p>Cette politique peut \u00eatre mise \u00e0 jour. Toute modification prendra effet d\u00e8s sa publication sur le Site avec la date mise \u00e0 jour. Nous vous encourageons \u00e0 la consulter r\u00e9guli\u00e8rement.<\/p>\n\n\n\n<hr class=\"wp-block-separator has-alpha-channel-opacity\"\/>\n\n\n\n<p><strong>11. Contact Us<\/strong><\/p>\n\n\n\n<p>If you have any questions, concerns, or requests regarding this Privacy Policy or our privacy practices, please contact us at:<\/p>\n\n\n\n<p><strong>Email:<\/strong>\u00a0contact@monaco-webdesign.com<\/p>\n\n\n\n<h6 class=\"wp-block-heading\">11. Nous contacter<\/h6>\n\n\n\n<p>Pour toute question concernant cette politique de confidentialit\u00e9, veuillez nous contacter \u00e0 :<br>\ud83d\udce7\u00a0<strong>Email :<\/strong>contact@monaco-webdesign.com<\/p>\n\n\n\n<hr class=\"wp-block-separator has-alpha-channel-opacity\"\/>\n\n\n\n<p><em>By using the Website, you acknowledge that you have read and understood this Privacy Policy and agree to its terms.<\/em><\/p>\n\n\n\n<p>En utilisant le Site, vous reconnaissez avoir lu, compris et accept\u00e9 la pr\u00e9sente Politique de confidentialit\u00e9.<\/p>","protected":false},"excerpt":{"rendered":"<p>Effective Date:&nbsp;01\/01\/2025 Date d\u2019entr\u00e9e en vigueur : 01\/01\/2025 At monaco-webdesign.com (\u201cwe,\u201d \u201cus,\u201d or \u201cour\u201d), we are committed to protecting your [&hellip;]<\/p>","protected":false},"author":1,"featured_media":0,"parent":0,"menu_order":0,"comment_status":"closed","ping_status":"open","template":"","meta":{"site-sidebar-layout":"default","site-content-layout":"","ast-site-content-layout":"","site-content-style":"default","site-sidebar-style":"default","ast-global-header-display":"","ast-banner-title-visibility":"","ast-main-header-display":"","ast-hfb-above-header-display":"","ast-hfb-below-header-display":"","ast-hfb-mobile-header-display":"","site-post-title":"","ast-breadcrumbs-content":"","ast-featured-img":"","footer-sml-layout":"","theme-transparent-header-meta":"","adv-header-id-meta":"","stick-header-meta":"","header-above-stick-meta":"","header-main-stick-meta":"","header-below-stick-meta":"","astra-migrate-meta-layouts":"default","ast-page-background-enabled":"default","ast-page-background-meta":{"desktop":{"background-color":"var(--ast-global-color-4)","background-image":"","background-repeat":"repeat","background-position":"center center","background-size":"auto","background-attachment":"scroll","background-type":"","background-media":"","overlay-type":"","overlay-color":"","overlay-opacity":"","overlay-gradient":""},"tablet":{"background-color":"","background-image":"","background-repeat":"repeat","background-position":"center center","background-size":"auto","background-attachment":"scroll","background-type":"","background-media":"","overlay-type":"","overlay-color":"","overlay-opacity":"","overlay-gradient":""},"mobile":{"background-color":"","background-image":"","background-repeat":"repeat","background-position":"center center","background-size":"auto","background-attachment":"scroll","background-type":"","background-media":"","overlay-type":"","overlay-color":"","overlay-opacity":"","overlay-gradient":""}},"ast-content-background-meta":{"desktop":{"background-color":"var(--ast-global-color-5)","background-image":"","background-repeat":"repeat","background-position":"center center","background-size":"auto","background-attachment":"scroll","background-type":"","background-media":"","overlay-type":"","overlay-color":"","overlay-opacity":"","overlay-gradient":""},"tablet":{"background-color":"var(--ast-global-color-5)","background-image":"","background-repeat":"repeat","background-position":"center center","background-size":"auto","background-attachment":"scroll","background-type":"","background-media":"","overlay-type":"","overlay-color":"","overlay-opacity":"","overlay-gradient":""},"mobile":{"background-color":"var(--ast-global-color-5)","background-image":"","background-repeat":"repeat","background-position":"center center","background-size":"auto","background-attachment":"scroll","background-type":"","background-media":"","overlay-type":"","overlay-color":"","overlay-opacity":"","overlay-gradient":""}},"footnotes":""},"class_list":["post-3","page","type-page","status-publish","hentry"],"_links":{"self":[{"href":"https:\/\/monaco-webdesign.com\/fr\/wp-json\/wp\/v2\/pages\/3","targetHints":{"allow":["GET"]}}],"collection":[{"href":"https:\/\/monaco-webdesign.com\/fr\/wp-json\/wp\/v2\/pages"}],"about":[{"href":"https:\/\/monaco-webdesign.com\/fr\/wp-json\/wp\/v2\/types\/page"}],"author":[{"embeddable":true,"href":"https:\/\/monaco-webdesign.com\/fr\/wp-json\/wp\/v2\/users\/1"}],"replies":[{"embeddable":true,"href":"https:\/\/monaco-webdesign.com\/fr\/wp-json\/wp\/v2\/comments?post=3"}],"version-history":[{"count":1,"href":"https:\/\/monaco-webdesign.com\/fr\/wp-json\/wp\/v2\/pages\/3\/revisions"}],"predecessor-version":[{"id":965,"href":"https:\/\/monaco-webdesign.com\/fr\/wp-json\/wp\/v2\/pages\/3\/revisions\/965"}],"wp:attachment":[{"href":"https:\/\/monaco-webdesign.com\/fr\/wp-json\/wp\/v2\/media?parent=3"}],"curies":[{"name":"wp","href":"https:\/\/api.w.org\/{rel}","templated":true}]}}